{"id":2008,"date":"2024-12-03T08:58:46","date_gmt":"2024-12-03T08:58:46","guid":{"rendered":"https:\/\/magdamoor.art\/product\/portrait-of-girl-with-landscape-nyomtatas\/"},"modified":"2024-12-03T08:58:46","modified_gmt":"2024-12-03T08:58:46","slug":"portrait-of-girl-with-landscape-nyomtatas","status":"publish","type":"product","link":"https:\/\/magdamoor.art\/hu\/termek\/portrait-of-girl-with-landscape-nyomtatas\/","title":{"rendered":"Portrait of girl with landscape &#8211; Nyomtat\u00e1s"},"content":{"rendered":"<p>A Mona Lisa sz\u00fcrrealista \u00fajragondol\u00e1sa Leonardo h\u00edres portr\u00e9j\u00e1t pr\u00f3f\u00e9tai jelenl\u00e9tt\u00e9 v\u00e1ltoztatja, amely a k\u00f6rnyezeti probl\u00e9m\u00e1kr\u00f3l sz\u00f3l. Az \u00e9teri sz\u00fcrk\u00e9kkel \u00e9s feh\u00e9rekkel \u00e1br\u00e1zolt figura megtartja az eredeti ikonikus \u00fcl\u0151 p\u00f3zt, de \u00faj elemekkel m\u00e9ly szimbolikus jelent\u00e9st hordoz. A n\u0151 egy gr\u00e1n\u00e1talm\u00e1t (melograna) tart az \u00f6l\u00e9ben, m\u00edg egy m\u00e1sik a meztelen l\u00e1bai el\u0151tt fekszik &#8211; a gy\u00fcm\u00f6lcs a lehets\u00e9ges j\u00f6v\u0151be vetett rem\u00e9ny er\u0151teljes szimb\u00f3lumak\u00e9nt szolg\u00e1l a neh\u00e9zs\u00e9gek ellen\u00e9re. Az atmoszf\u00e9rikus h\u00e1tt\u00e9r felforgatja Leonardo idilli t\u00e1jk\u00e9p\u00e9t, \u00e9s azt egy pusztul\u00f3 v\u00e1rosk\u00e9pre cser\u00e9li, m\u00edg az alak k\u00eds\u00e9rteties megjelen\u00e9se \u00e9s mez\u00edtl\u00e1bas l\u00e1ba figyelmeztet\u0151 jelk\u00e9nt szolg\u00e1l. A narancss\u00e1rga sz\u00edn\u0171, geometrikus platform \u00e9s a n\u0151 szellemszer\u0171 \u00e1br\u00e1zol\u00e1sa fesz\u00fclts\u00e9get teremt a hagyom\u00e1nyos m\u0171v\u00e9szi sz\u00e9ps\u00e9g \u00e9s a kort\u00e1rs k\u00f6rnyezeti v\u00e1ls\u00e1g k\u00f6z\u00f6tt. A renesz\u00e1nsz ikon \u00e9s a modern \u00f6kol\u00f3giai aggodalmak k\u00f6z\u00f6tti p\u00e1rbesz\u00e9d r\u00e9v\u00e9n a festm\u00e9ny a Mona Lisa rejt\u00e9lyes mosoly\u00e1t egy \u00f6sszetettebb medit\u00e1ci\u00f3v\u00e1 alak\u00edtja \u00e1t az emberis\u00e9g \u00e9s a j\u00f6v\u0151je k\u00f6z\u00f6tti kapcsolatr\u00f3l.     <\/p>\n","protected":false},"excerpt":{"rendered":"<p>A Mona Lisa k\u00eds\u00e9rteties, modernista \u00fajragondol\u00e1sa egy narancss\u00e1rga, geometrikus platformon \u00fcl, mez\u00edtelen l\u00e1bai \u00e9s a szimbolikus gr\u00e1n\u00e1talma, amelyet tart, \u00e9s amely alatta fekszik, a j\u00f6v\u0151be vetett rem\u00e9nyr\u0151l besz\u00e9l, m\u00edg m\u00f6g\u00f6tte egy pusztul\u00f3 v\u00e1rosk\u00e9p v\u00e1ltja fel Leonardo idilli t\u00e1jk\u00e9p\u00e9t.<\/p>\n","protected":false},"featured_media":1266,"comment_status":"open","ping_status":"closed","template":"","meta":{"site-sidebar-layout":"default","site-content-layout":"default","ast-site-content-layout":"default","site-content-style":"default","site-sidebar-style":"default","ast-global-header-display":"","ast-banner-title-visibility":"","ast-main-header-display":"","ast-hfb-above-header-display":"","ast-hfb-below-header-display":"","ast-hfb-mobile-header-display":"","site-post-title":"","ast-breadcrumbs-content":"","ast-featured-img":"","footer-sml-layout":"","ast-disable-related-posts":"","theme-transparent-header-meta":"default","adv-header-id-meta":"","stick-header-meta":"","header-above-stick-meta":"","header-main-stick-meta":"","header-below-stick-meta":"","astra-migrate-meta-layouts":"default","ast-page-background-enabled":"default","ast-page-background-meta":{"desktop":{"background-color":"var(--ast-global-color-4)","background-image":"","background-repeat":"repeat","background-position":"center center","background-size":"auto","background-attachment":"scroll","background-type":"","background-media":"","overlay-type":"","overlay-color":"","overlay-opacity":"","overlay-gradient":""},"tablet":{"background-color":"","background-image":"","background-repeat":"repeat","background-position":"center center","background-size":"auto","background-attachment":"scroll","background-type":"","background-media":"","overlay-type":"","overlay-color":"","overlay-opacity":"","overlay-gradient":""},"mobile":{"background-color":"","background-image":"","background-repeat":"repeat","background-position":"center center","background-size":"auto","background-attachment":"scroll","background-type":"","background-media":"","overlay-type":"","overlay-color":"","overlay-opacity":"","overlay-gradient":""}},"ast-content-background-meta":{"desktop":{"background-color":"var(--ast-global-color-5)","background-image":"","background-repeat":"repeat","background-position":"center center","background-size":"auto","background-attachment":"scroll","background-type":"","background-media":"","overlay-type":"","overlay-color":"","overlay-opacity":"","overlay-gradient":""},"tablet":{"background-color":"var(--ast-global-color-5)","background-image":"","background-repeat":"repeat","background-position":"center center","background-size":"auto","background-attachment":"scroll","background-type":"","background-media":"","overlay-type":"","overlay-color":"","overlay-opacity":"","overlay-gradient":""},"mobile":{"background-color":"var(--ast-global-color-5)","background-image":"","background-repeat":"repeat","background-position":"center center","background-size":"auto","background-attachment":"scroll","background-type":"","background-media":"","overlay-type":"","overlay-color":"","overlay-opacity":"","overlay-gradient":""}}},"product_brand":[],"product_cat":[53],"product_tag":[],"class_list":{"0":"post-2008","1":"product","2":"type-product","3":"status-publish","4":"has-post-thumbnail","6":"product_cat-nyomtatasok","7":"desktop-align-left","8":"tablet-align-left","9":"mobile-align-left","11":"first","12":"instock","13":"taxable","14":"shipping-taxable","15":"purchasable","16":"product-type-simple"},"_links":{"self":[{"href":"https:\/\/magdamoor.art\/hu\/wp-json\/wp\/v2\/product\/2008","targetHints":{"allow":["GET"]}}],"collection":[{"href":"https:\/\/magdamoor.art\/hu\/wp-json\/wp\/v2\/product"}],"about":[{"href":"https:\/\/magdamoor.art\/hu\/wp-json\/wp\/v2\/types\/product"}],"replies":[{"embeddable":true,"href":"https:\/\/magdamoor.art\/hu\/wp-json\/wp\/v2\/comments?post=2008"}],"version-history":[{"count":0,"href":"https:\/\/magdamoor.art\/hu\/wp-json\/wp\/v2\/product\/2008\/revisions"}],"wp:featuredmedia":[{"embeddable":true,"href":"https:\/\/magdamoor.art\/hu\/wp-json\/wp\/v2\/media\/1266"}],"wp:attachment":[{"href":"https:\/\/magdamoor.art\/hu\/wp-json\/wp\/v2\/media?parent=2008"}],"wp:term":[{"taxonomy":"product_brand","embeddable":true,"href":"https:\/\/magdamoor.art\/hu\/wp-json\/wp\/v2\/product_brand?post=2008"},{"taxonomy":"product_cat","embeddable":true,"href":"https:\/\/magdamoor.art\/hu\/wp-json\/wp\/v2\/product_cat?post=2008"},{"taxonomy":"product_tag","embeddable":true,"href":"https:\/\/magdamoor.art\/hu\/wp-json\/wp\/v2\/product_tag?post=2008"}],"curies":[{"name":"wp","href":"https:\/\/api.w.org\/{rel}","templated":true}]}}